{"id":16816,"date":"2021-08-17T18:25:22","date_gmt":"2021-08-17T18:25:22","guid":{"rendered":"https:\/\/kimberlywattdesign.com\/?page_id=16816"},"modified":"2023-09-01T17:19:18","modified_gmt":"2023-09-01T21:19:18","slug":"about","status":"publish","type":"page","link":"https:\/\/kimberlywattdesign.com\/fr\/about\/","title":{"rendered":"\u00c0 propos"},"content":{"rendered":"<div data-elementor-type=\"wp-page\" data-elementor-id=\"16816\" class=\"elementor elementor-16816\" data-elementor-post-type=\"page\">\n\t\t\t\t\t\t<section class=\"elementor-section elementor-top-section elementor-element elementor-element-5b885cf elementor-section-full_width elementor-section-height-min-height elementor-section-items-bottom elementor-section-height-default\" data-id=\"5b885cf\" data-element_type=\"section\" data-settings=\"{&quot;background_background&quot;:&quot;classic&quot;}\">\n\t\t\t\t\t\t\t<div class=\"elementor-background-overlay\"><\/div>\n\t\t\t\t\t\t\t<div class=\"elementor-container elementor-column-gap-extended\">\n\t\t\t\t\t<div class=\"elementor-column elementor-col-100 elementor-top-column elementor-element elementor-element-36bf53f\" data-id=\"36bf53f\" data-element_type=\"column\">\n\t\t\t<div class=\"elementor-widget-wrap elementor-element-populated\">\n\t\t\t\t\t\t<div class=\"elementor-element elementor-element-febb939 elementor-widget__width-initial elementor-widget-mobile__width-initial elementor-widget-tablet__width-initial elementor-widget elementor-widget-heading\" data-id=\"febb939\" data-element_type=\"widget\" data-widget_type=\"heading.default\">\n\t\t\t\t<div class=\"elementor-widget-container\">\n\t\t\t\t\t<h1 class=\"elementor-heading-title elementor-size-default\">Rencontrez la fondatrice de Kimberly Watt Design.<\/h1>\t\t\t\t<\/div>\n\t\t\t\t<\/div>\n\t\t\t\t\t<\/div>\n\t\t<\/div>\n\t\t\t\t\t<\/div>\n\t\t<\/section>\n\t\t\t\t<section class=\"elementor-section elementor-top-section elementor-element elementor-element-ea00bd1 elementor-section-full_width elementor-section-height-default elementor-section-height-default\" data-id=\"ea00bd1\" data-element_type=\"section\">\n\t\t\t\t\t\t<div class=\"elementor-container elementor-column-gap-custom\">\n\t\t\t\t\t<div class=\"elementor-column elementor-col-50 elementor-top-column elementor-element elementor-element-0c767f5\" data-id=\"0c767f5\" data-element_type=\"column\">\n\t\t\t<div class=\"elementor-widget-wrap elementor-element-populated\">\n\t\t\t\t\t\t<div class=\"elementor-element elementor-element-a67fba8 elementor-widget elementor-widget-heading\" data-id=\"a67fba8\" data-element_type=\"widget\" data-widget_type=\"heading.default\">\n\t\t\t\t<div class=\"elementor-widget-container\">\n\t\t\t\t\t<h2 class=\"elementor-heading-title elementor-size-default\">Notre experience, expertise et int\u00e9grit\u00e9 nous permettent d'assurer la ma\u00eetrise et le bon d\u00e9roulement de nos projets.<\/h2>\t\t\t\t<\/div>\n\t\t\t\t<\/div>\n\t\t\t\t\t<\/div>\n\t\t<\/div>\n\t\t\t\t<div class=\"elementor-column elementor-col-50 elementor-top-column elementor-element elementor-element-49092dc\" data-id=\"49092dc\" data-element_type=\"column\">\n\t\t\t<div class=\"elementor-widget-wrap elementor-element-populated\">\n\t\t\t\t\t\t<div class=\"elementor-element elementor-element-c6da485 elementor-widget elementor-widget-text-editor\" data-id=\"c6da485\" data-element_type=\"widget\" data-widget_type=\"text-editor.default\">\n\t\t\t\t<div class=\"elementor-widget-container\">\n\t\t\t\t\t\t\t\t\t<p class=\"p1 translation-block\">L\u2019immersion de Kimberly Watt dans le monde du design a d\u00e9but\u00e9 il y a plus de 15 ans. Apr\u00e8s avoir obtenu son dipl\u00f4me en design d\u2019int\u00e9rieur, elle a poursuivi ses \u00e9tudes en architecture \u00e0 l\u2019<b>Universit\u00e9 de Montr\u00e9al<\/b>. Par la suite, elle a travaill\u00e9 comme designer d\u2019int\u00e9rieur autonome pendant plusieurs ann\u00e9es, ce qui l\u2019a pouss\u00e9e \u00e0 peaufiner son c\u00f4t\u00e9 instinctif en mati\u00e8re de tendances et de style. En 2012, elle fonde <b>Kimberly Watt Design<\/b>. Gr\u00e2ce \u00e0 l\u2019attention particuli\u00e8re apport\u00e9e aux d\u00e9tails et \u00e0 une compr\u00e9hension minutieuse du design de haute qualit\u00e9, Kimberly et son \u00e9quipe se sont attir\u00e9s un large \u00e9ventail de projets de premier plan au fil des ans.<\/p><p class=\"p1\"><i><i>\u00ab\u00a0Nous cr\u00e9ons des espaces soign\u00e9s et habitables qui apportent une dimension intemporelle pour nos clients. Nos projets s\u2019\u00e9tendent des espaces commerciaux aux maisons r\u00e9sidentielles, allant de restaurations historiques \u00e0 des r\u00e9novations contemporaines, en passant par de nouvelles constructions. Quelle que soit l\u2019ampleur d\u2019un projet, nous croyons que les moindres d\u00e9tails comptent. Qu\u2019il s\u2019agisse d\u2019une dalle de pierre d\u2019envergure, de meubles sur mesure ou d\u2019une quincaillerie parfaitement adapt\u00e9e, nous nous assurons que tous les \u00e9l\u00e9ments soient m\u00e9ticuleusement s\u00e9lectionn\u00e9s pour s\u2019amalgamer dans une danse magnifiquement synergique. Nous offrons un guichet unique comprenant la planification de l\u2019espace, les carnets de dessins de construction, la conception de meubles et d\u2019armoires, la coordination de projet, le style int\u00e9rieur, la conservation d\u2019art, et plus encore. Peu importe ce dont vous avez besoin, nous sommes l\u00e0 pour vous aider!\u00a0\u00bb - Kimberly Watt<\/i><\/i><\/p><p class=\"p1 translation-block\">Le travail remarquable de l\u2019entreprise a \u00e9t\u00e9 pr\u00e9sent\u00e9 dans <b>Vogue, House and Home, Style at Home, Prestige Design et bien d\u2019autres.<\/b> Pour Kimberly et son \u00e9quipe, la priorit\u00e9 absolue est que les maisons de leurs clients deviennent leur plus grande source de confort, de fiert\u00e9 et d\u2019expression de soi.<\/p>\t\t\t\t\t\t\t\t<\/div>\n\t\t\t\t<\/div>\n\t\t\t\t<div class=\"elementor-element elementor-element-31b7a28 elementor-widget elementor-widget-heading\" data-id=\"31b7a28\" data-element_type=\"widget\" data-widget_type=\"heading.default\">\n\t\t\t\t<div class=\"elementor-widget-container\">\n\t\t\t\t\t<h6 class=\"elementor-heading-title elementor-size-default\">De beaux espaces suscitent la joie et\u00a0apportent\u00a0la\u00a0qui\u00e9tude.<\/h6>\t\t\t\t<\/div>\n\t\t\t\t<\/div>\n\t\t\t\t\t<\/div>\n\t\t<\/div>\n\t\t\t\t\t<\/div>\n\t\t<\/section>\n\t\t\t\t<section class=\"elementor-section elementor-top-section elementor-element elementor-element-6f62d94 elementor-section-full_width elementor-section-height-default elementor-section-height-default\" data-id=\"6f62d94\" data-element_type=\"section\">\n\t\t\t\t\t\t<div class=\"elementor-container elementor-column-gap-default\">\n\t\t\t\t\t<div class=\"elementor-column elementor-col-100 elementor-top-column elementor-element elementor-element-1ae794d\" data-id=\"1ae794d\" data-element_type=\"column\">\n\t\t\t<div class=\"elementor-widget-wrap elementor-element-populated\">\n\t\t\t\t\t\t<div class=\"elementor-element elementor-element-df24b35 elementor-widget elementor-widget-wp-widget-sli-feed\" data-id=\"df24b35\" data-element_type=\"widget\" data-widget_type=\"wp-widget-sli-feed.default\">\n\t\t\t\t<div class=\"elementor-widget-container\">\n\t\t\t\t\t<h5><\/h5>        <div\n            class=\"spotlight-instagram-feed\"\n            data-feed-var=\"0f00253b\"\n            data-analytics=\"0\"\n            data-instance=\"16816\"\n        >\n        <\/div>\n        <input type=\"hidden\" id=\"sli__f__0f00253b\" data-json='{&quot;template&quot;:277001,&quot;layout&quot;:null,&quot;numColumns&quot;:{&quot;desktop&quot;:5,&quot;phone&quot;:3,&quot;tablet&quot;:5},&quot;highlightFreq&quot;:{&quot;desktop&quot;:7},&quot;sliderNumScrollPosts&quot;:{&quot;desktop&quot;:1},&quot;sliderInfinite&quot;:true,&quot;sliderLoop&quot;:false,&quot;sliderArrowPos&quot;:{&quot;desktop&quot;:&quot;inside&quot;},&quot;sliderArrowSize&quot;:{&quot;desktop&quot;:20},&quot;sliderArrowColor&quot;:{&quot;r&quot;:255,&quot;b&quot;:255,&quot;g&quot;:255,&quot;a&quot;:1},&quot;sliderArrowBgColor&quot;:{&quot;r&quot;:0,&quot;b&quot;:0,&quot;g&quot;:0,&quot;a&quot;:0.8},&quot;sliderAutoScroll&quot;:false,&quot;sliderAutoInterval&quot;:3,&quot;postOrder&quot;:&quot;date_desc&quot;,&quot;numPosts&quot;:{&quot;desktop&quot;:5,&quot;phone&quot;:3,&quot;tablet&quot;:5},&quot;linkBehavior&quot;:{&quot;desktop&quot;:&quot;lightbox&quot;},&quot;feedWidth&quot;:{&quot;desktop&quot;:0},&quot;feedHeight&quot;:{&quot;desktop&quot;:0},&quot;feedPadding&quot;:{&quot;desktop&quot;:0,&quot;tablet&quot;:0,&quot;phone&quot;:0},&quot;imgPadding&quot;:{&quot;desktop&quot;:10,&quot;tablet&quot;:10,&quot;phone&quot;:10},&quot;textSize&quot;:{&quot;desktop&quot;:0,&quot;tablet&quot;:0,&quot;phone&quot;:0},&quot;bgColor&quot;:{&quot;r&quot;:255,&quot;g&quot;:255,&quot;b&quot;:255,&quot;a&quot;:1},&quot;hoverInfo&quot;:[&quot;likes_comments&quot;,&quot;insta_link&quot;,&quot;date&quot;],&quot;textColorHover&quot;:{&quot;r&quot;:255,&quot;g&quot;:255,&quot;b&quot;:255,&quot;a&quot;:1},&quot;bgColorHover&quot;:{&quot;r&quot;:0,&quot;g&quot;:0,&quot;b&quot;:0,&quot;a&quot;:0.5},&quot;showHeader&quot;:{&quot;desktop&quot;:false},&quot;headerInfo&quot;:{&quot;desktop&quot;:[&quot;profile_pic&quot;,&quot;bio&quot;]},&quot;headerAccount&quot;:null,&quot;headerStyle&quot;:{&quot;desktop&quot;:&quot;normal&quot;,&quot;phone&quot;:&quot;centered&quot;},&quot;headerTextSize&quot;:{&quot;desktop&quot;:0},&quot;headerPhotoSize&quot;:{&quot;desktop&quot;:50},&quot;headerTextColor&quot;:{&quot;r&quot;:0,&quot;g&quot;:0,&quot;b&quot;:0,&quot;a&quot;:1},&quot;headerBgColor&quot;:{&quot;r&quot;:255,&quot;g&quot;:255,&quot;b&quot;:255,&quot;a&quot;:1},&quot;headerPadding&quot;:{&quot;desktop&quot;:0},&quot;customProfilePic&quot;:&quot;&quot;,&quot;customBioText&quot;:&quot;&quot;,&quot;includeStories&quot;:false,&quot;storiesInterval&quot;:5,&quot;showCaptions&quot;:{&quot;desktop&quot;:false,&quot;tablet&quot;:false},&quot;captionMaxLength&quot;:{&quot;desktop&quot;:0},&quot;captionRemoveDots&quot;:false,&quot;captionSize&quot;:{&quot;desktop&quot;:0},&quot;captionColor&quot;:{&quot;r&quot;:0,&quot;g&quot;:0,&quot;b&quot;:0,&quot;a&quot;:1},&quot;showLikes&quot;:{&quot;desktop&quot;:false,&quot;tablet&quot;:false},&quot;showComments&quot;:{&quot;desktop&quot;:false,&quot;tablet&quot;:false},&quot;lcIconSize&quot;:{&quot;desktop&quot;:14},&quot;likesIconColor&quot;:{&quot;r&quot;:0,&quot;g&quot;:0,&quot;b&quot;:0,&quot;a&quot;:1},&quot;commentsIconColor&quot;:{&quot;r&quot;:0,&quot;g&quot;:0,&quot;b&quot;:0,&quot;a&quot;:1},&quot;lightboxShowSidebar&quot;:false,&quot;lightboxCtaStyle&quot;:&quot;link&quot;,&quot;lightboxCtaDesign&quot;:{&quot;text&quot;:{&quot;color&quot;:{&quot;r&quot;:0,&quot;g&quot;:0,&quot;b&quot;:0,&quot;a&quot;:1},&quot;align&quot;:&quot;center&quot;},&quot;bgColor&quot;:{&quot;r&quot;:230,&quot;g&quot;:230,&quot;b&quot;:230,&quot;a&quot;:1},&quot;border&quot;:{&quot;radius&quot;:3}},&quot;numLightboxComments&quot;:50,&quot;showLoadMoreBtn&quot;:{&quot;desktop&quot;:false},&quot;loadMoreBtnDesign&quot;:{&quot;text&quot;:{&quot;color&quot;:{&quot;r&quot;:255,&quot;g&quot;:255,&quot;b&quot;:255,&quot;a&quot;:1},&quot;align&quot;:&quot;center&quot;},&quot;border&quot;:{&quot;radius&quot;:3},&quot;bgColor&quot;:{&quot;r&quot;:0,&quot;g&quot;:149,&quot;b&quot;:246,&quot;a&quot;:1},&quot;margin&quot;:{&quot;top&quot;:0,&quot;bottom&quot;:0,&quot;left&quot;:0,&quot;right&quot;:0},&quot;padding&quot;:{&quot;top&quot;:12,&quot;bottom&quot;:12,&quot;left&quot;:12,&quot;right&quot;:12},&quot;onHover&quot;:{&quot;text&quot;:{&quot;color&quot;:{&quot;r&quot;:255,&quot;g&quot;:255,&quot;b&quot;:255,&quot;a&quot;:1}},&quot;bgColor&quot;:{&quot;r&quot;:0,&quot;g&quot;:129,&quot;b&quot;:203,&quot;a&quot;:1}}},&quot;loadMoreBtnText&quot;:&quot;Load more&quot;,&quot;loadMoreBtnScroll&quot;:true,&quot;autoload&quot;:false,&quot;showFollowBtn&quot;:{&quot;desktop&quot;:false,&quot;phone&quot;:false},&quot;followBtnText&quot;:&quot;Follow on Instagram&quot;,&quot;followBtnDesign&quot;:{&quot;text&quot;:{&quot;color&quot;:{&quot;r&quot;:255,&quot;g&quot;:255,&quot;b&quot;:255,&quot;a&quot;:1},&quot;align&quot;:&quot;center&quot;},&quot;border&quot;:{&quot;radius&quot;:3},&quot;bgColor&quot;:{&quot;r&quot;:0,&quot;g&quot;:149,&quot;b&quot;:246,&quot;a&quot;:1},&quot;margin&quot;:{&quot;top&quot;:0,&quot;bottom&quot;:0,&quot;left&quot;:0,&quot;right&quot;:0},&quot;padding&quot;:{&quot;top&quot;:12,&quot;bottom&quot;:12,&quot;left&quot;:12,&quot;right&quot;:12},&quot;onHover&quot;:{&quot;text&quot;:{&quot;color&quot;:{&quot;r&quot;:255,&quot;g&quot;:255,&quot;b&quot;:255,&quot;a&quot;:1}},&quot;bgColor&quot;:{&quot;r&quot;:0,&quot;g&quot;:129,&quot;b&quot;:203,&quot;a&quot;:1}}},&quot;followBtnLocation&quot;:{&quot;desktop&quot;:&quot;header&quot;,&quot;phone&quot;:&quot;bottom&quot;},&quot;alignFooterButtons&quot;:{&quot;desktop&quot;:false},&quot;accounts&quot;:[17908],&quot;tagged&quot;:[],&quot;hashtags&quot;:[],&quot;mediaType&quot;:&quot;all&quot;,&quot;hashtagWhitelist&quot;:[],&quot;hashtagBlacklist&quot;:[],&quot;captionWhitelist&quot;:[],&quot;captionBlacklist&quot;:[],&quot;hashtagWhitelistSettings&quot;:true,&quot;hashtagBlacklistSettings&quot;:true,&quot;captionWhitelistSettings&quot;:true,&quot;captionBlacklistSettings&quot;:true,&quot;moderation&quot;:[],&quot;moderationMode&quot;:&quot;blacklist&quot;,&quot;promosVersion&quot;:2,&quot;promosEnabled&quot;:true,&quot;globalPromosEnabled&quot;:true,&quot;autoPromosEnabled&quot;:true,&quot;promoOverrides&quot;:[],&quot;feedPromo&quot;:{&quot;linkText&quot;:&quot;&quot;,&quot;linkBehavior&quot;:{&quot;openNewTab&quot;:false,&quot;showPopupBox&quot;:false}},&quot;gaCampaignSource&quot;:&quot;&quot;,&quot;gaCampaignMedium&quot;:&quot;&quot;,&quot;gaCampaignName&quot;:&quot;&quot;}' \/>\n        <input type=\"hidden\" id=\"sli__a__0f00253b\" data-json='[{&quot;id&quot;:17908,&quot;type&quot;:&quot;BUSINESS&quot;,&quot;userId&quot;:&quot;17841401411643144&quot;,&quot;username&quot;:&quot;kimberlywattdesign&quot;,&quot;bio&quot;:&quot;Montreal based \\nCreator of beautiful spaces    \\nFeatured in World of Interiors, House &amp; Home, \\nStyle at Home, Prestige Design&quot;,&quot;customBio&quot;:&quot;&quot;,&quot;profilePicUrl&quot;:&quot;https:\\\/\\\/scontent-lax3-1.xx.fbcdn.net\\\/v\\\/t51.75761-15\\\/503026697_18515756977047055_3607349278217898984_n.jpg?_nc_cat=110&amp;ccb=1-7&amp;_nc_sid=7d201b&amp;_nc_ohc=PuTQKYgcWE4Q7kNvwEQ85w9&amp;_nc_oc=AdrcRUcC6h1_V6UXQDkkdcDdNCHZj4VbhzveTOTPwlnJhtIn1sJ8s5jc5_3VvxHR3UQ&amp;_nc_zt=23&amp;_nc_ht=scontent-lax3-1.xx&amp;edm=AL-3X8kEAAAA&amp;_nc_gid=hhXT53VSojSR_K1Cj3agWg&amp;oh=00_Af1O1C7zlRkyOsRhi-ph4Le_WmZqejnidJpNvbLUOeHyUQ&amp;oe=69EFFF7B&quot;,&quot;customProfilePicUrl&quot;:&quot;&quot;,&quot;mediaCount&quot;:&quot;263&quot;,&quot;followersCount&quot;:&quot;1091&quot;,&quot;usages&quot;:[],&quot;creationDate&quot;:&quot;2021-11-23 16:28:25&quot;}]' \/>\n        <input type=\"hidden\" id=\"sli__m__0f00253b\" data-json='[]' \/>\n        \t\t\t\t<\/div>\n\t\t\t\t<\/div>\n\t\t\t\t\t<\/div>\n\t\t<\/div>\n\t\t\t\t\t<\/div>\n\t\t<\/section>\n\t\t\t\t<\/div>","protected":false},"excerpt":{"rendered":"<p>Meet the&nbsp;founder of Kimberly Watt&nbsp;Design. Experience, expertise and impeccable integrity allow us to&nbsp;run projects smoothly and efficiently. Kimberly Watt has been immersed in the design world for over 15 years. After obtaining her interior design degree, she went on to study architecture at Universit\u00e9 de Montreal. She then proceeded to work as an independent interior [&hellip;]<\/p>","protected":false},"author":1,"featured_media":0,"parent":0,"menu_order":0,"comment_status":"closed","ping_status":"closed","template":"","meta":{"_acf_changed":false,"footnotes":""},"class_list":["post-16816","page","type-page","status-publish","hentry","entry"],"acf":[],"_links":{"self":[{"href":"https:\/\/kimberlywattdesign.com\/fr\/wp-json\/wp\/v2\/pages\/16816","targetHints":{"allow":["GET"]}}],"collection":[{"href":"https:\/\/kimberlywattdesign.com\/fr\/wp-json\/wp\/v2\/pages"}],"about":[{"href":"https:\/\/kimberlywattdesign.com\/fr\/wp-json\/wp\/v2\/types\/page"}],"author":[{"embeddable":true,"href":"https:\/\/kimberlywattdesign.com\/fr\/wp-json\/wp\/v2\/users\/1"}],"replies":[{"embeddable":true,"href":"https:\/\/kimberlywattdesign.com\/fr\/wp-json\/wp\/v2\/comments?post=16816"}],"version-history":[{"count":211,"href":"https:\/\/kimberlywattdesign.com\/fr\/wp-json\/wp\/v2\/pages\/16816\/revisions"}],"predecessor-version":[{"id":26851,"href":"https:\/\/kimberlywattdesign.com\/fr\/wp-json\/wp\/v2\/pages\/16816\/revisions\/26851"}],"wp:attachment":[{"href":"https:\/\/kimberlywattdesign.com\/fr\/wp-json\/wp\/v2\/media?parent=16816"}],"curies":[{"name":"wp","href":"https:\/\/api.w.org\/{rel}","templated":true}]}}