{"id":17063,"date":"2021-08-18T02:04:36","date_gmt":"2021-08-18T02:04:36","guid":{"rendered":"https:\/\/kimberlywattdesign.com\/?page_id=17063"},"modified":"2021-12-13T16:08:42","modified_gmt":"2021-12-13T16:08:42","slug":"portfolio","status":"publish","type":"page","link":"https:\/\/kimberlywattdesign.com\/fr\/portfolio\/","title":{"rendered":"Portfolio"},"content":{"rendered":"<div data-elementor-type=\"wp-page\" data-elementor-id=\"17063\" class=\"elementor elementor-17063\" data-elementor-post-type=\"page\">\n\t\t\t\t\t\t<section class=\"elementor-section elementor-top-section elementor-element elementor-element-401c221 elementor-section-full_width elementor-section-height-min-height elementor-section-items-bottom elementor-section-height-default\" data-id=\"401c221\" data-element_type=\"section\" data-settings=\"{&quot;background_background&quot;:&quot;classic&quot;}\">\n\t\t\t\t\t\t\t<div class=\"elementor-background-overlay\"><\/div>\n\t\t\t\t\t\t\t<div class=\"elementor-container elementor-column-gap-extended\">\n\t\t\t\t\t<div class=\"elementor-column elementor-col-100 elementor-top-column elementor-element elementor-element-2461553\" data-id=\"2461553\" data-element_type=\"column\">\n\t\t\t<div class=\"elementor-widget-wrap elementor-element-populated\">\n\t\t\t\t\t\t<div class=\"elementor-element elementor-element-81242dc elementor-widget__width-initial elementor-widget-mobile__width-initial elementor-widget-tablet__width-initial elementor-widget elementor-widget-heading\" data-id=\"81242dc\" data-element_type=\"widget\" data-widget_type=\"heading.default\">\n\t\t\t\t<div class=\"elementor-widget-container\">\n\t\t\t\t\t<h1 class=\"elementor-heading-title elementor-size-default\">Notre philosophie a toujours \u00e9t\u00e9 de concevoir des espaces \u00e9vocateurs et holistiques adapt\u00e9s \u00e0 vos besoins.<\/h1>\t\t\t\t<\/div>\n\t\t\t\t<\/div>\n\t\t\t\t\t<\/div>\n\t\t<\/div>\n\t\t\t\t\t<\/div>\n\t\t<\/section>\n\t\t\t\t<section class=\"elementor-section elementor-top-section elementor-element elementor-element-b94e706 elementor-section-full_width elementor-section-stretched elementor-section-height-default elementor-section-height-default\" data-id=\"b94e706\" data-element_type=\"section\" data-settings=\"{&quot;stretch_section&quot;:&quot;section-stretched&quot;}\">\n\t\t\t\t\t\t<div class=\"elementor-container elementor-column-gap-custom\">\n\t\t\t\t\t<div class=\"elementor-column elementor-col-100 elementor-top-column elementor-element elementor-element-85aa126\" data-id=\"85aa126\" data-element_type=\"column\">\n\t\t\t<div class=\"elementor-widget-wrap elementor-element-populated\">\n\t\t\t\t\t\t<div class=\"elementor-element elementor-element-4bbc38c elementor-grid-3 elementor-grid-tablet-2 elementor-grid-mobile-1 elementor-widget elementor-widget-portfolio\" data-id=\"4bbc38c\" data-element_type=\"widget\" data-settings=\"{&quot;item_ratio&quot;:{&quot;unit&quot;:&quot;px&quot;,&quot;size&quot;:1.4,&quot;sizes&quot;:[]},&quot;row_gap&quot;:{&quot;unit&quot;:&quot;px&quot;,&quot;size&quot;:40,&quot;sizes&quot;:[]},&quot;columns&quot;:&quot;3&quot;,&quot;columns_tablet&quot;:&quot;2&quot;,&quot;columns_mobile&quot;:&quot;1&quot;,&quot;item_gap&quot;:{&quot;unit&quot;:&quot;px&quot;,&quot;size&quot;:&quot;&quot;,&quot;sizes&quot;:[]}}\" data-widget_type=\"portfolio.default\">\n\t\t\t\t<div class=\"elementor-widget-container\">\n\t\t\t\t\t\t\t<div class=\"elementor-portfolio elementor-grid elementor-posts-container\">\n\t\t\t\t<article class=\"elementor-portfolio-item elementor-post  post-17734 portfolio type-portfolio status-publish has-post-thumbnail hentry entry has-media\">\n\t\t\t<a class=\"elementor-post__thumbnail__link\" href=\"https:\/\/kimberlywattdesign.com\/fr\/portfolio\/waterfront-penthouse\/\">\n\t\t\t\t<div class=\"elementor-portfolio-item__img elementor-post__thumbnail\">\n\t\t\t<img fetchpriority=\"high\" decoding=\"async\" width=\"1707\" height=\"2560\" src=\"https:\/\/kimberlywattdesign.com\/wp-content\/uploads\/2021\/09\/thumb-6-scaled.jpg\" class=\"attachment-full size-full wp-image-17736\" alt=\"\" srcset=\"https:\/\/kimberlywattdesign.com\/wp-content\/uploads\/2021\/09\/thumb-6-scaled.jpg 1707w, https:\/\/kimberlywattdesign.com\/wp-content\/uploads\/2021\/09\/thumb-6-200x300.jpg 200w, https:\/\/kimberlywattdesign.com\/wp-content\/uploads\/2021\/09\/thumb-6-683x1024.jpg 683w, https:\/\/kimberlywattdesign.com\/wp-content\/uploads\/2021\/09\/thumb-6-768x1152.jpg 768w, https:\/\/kimberlywattdesign.com\/wp-content\/uploads\/2021\/09\/thumb-6-1024x1536.jpg 1024w, https:\/\/kimberlywattdesign.com\/wp-content\/uploads\/2021\/09\/thumb-6-1365x2048.jpg 1365w, https:\/\/kimberlywattdesign.com\/wp-content\/uploads\/2021\/09\/thumb-6-8x12.jpg 8w\" sizes=\"(max-width: 1707px) 100vw, 1707px\" \/>\t\t<\/div>\n\t\t\t\t<div class=\"elementor-portfolio-item__overlay\">\n\t\t\t\t<h3 class=\"elementor-portfolio-item__title\">\n\t\tPenthouse riverain\t\t<\/h3>\n\t\t\t\t<\/div>\n\t\t\t\t<\/a>\n\t\t<\/article>\n\t\t\t\t<article class=\"elementor-portfolio-item elementor-post  post-26808 portfolio type-portfolio status-publish has-post-thumbnail hentry entry has-media\">\n\t\t\t<a class=\"elementor-post__thumbnail__link\" href=\"https:\/\/kimberlywattdesign.com\/fr\/portfolio\/arboreal-abode\/\">\n\t\t\t\t<div class=\"elementor-portfolio-item__img elementor-post__thumbnail\">\n\t\t\t<img decoding=\"async\" width=\"1873\" height=\"2560\" src=\"https:\/\/kimberlywattdesign.com\/wp-content\/uploads\/2023\/09\/Hero-scaled.jpg\" class=\"attachment-full size-full wp-image-26828\" alt=\"\" srcset=\"https:\/\/kimberlywattdesign.com\/wp-content\/uploads\/2023\/09\/Hero-scaled.jpg 1873w, https:\/\/kimberlywattdesign.com\/wp-content\/uploads\/2023\/09\/Hero-219x300.jpg 219w, https:\/\/kimberlywattdesign.com\/wp-content\/uploads\/2023\/09\/Hero-749x1024.jpg 749w, https:\/\/kimberlywattdesign.com\/wp-content\/uploads\/2023\/09\/Hero-768x1050.jpg 768w, https:\/\/kimberlywattdesign.com\/wp-content\/uploads\/2023\/09\/Hero-1124x1536.jpg 1124w, https:\/\/kimberlywattdesign.com\/wp-content\/uploads\/2023\/09\/Hero-1498x2048.jpg 1498w, https:\/\/kimberlywattdesign.com\/wp-content\/uploads\/2023\/09\/Hero-9x12.jpg 9w\" sizes=\"(max-width: 1873px) 100vw, 1873px\" \/>\t\t<\/div>\n\t\t\t\t<div class=\"elementor-portfolio-item__overlay\">\n\t\t\t\t<h3 class=\"elementor-portfolio-item__title\">\n\t\tHavre arborescente\t\t<\/h3>\n\t\t\t\t<\/div>\n\t\t\t\t<\/a>\n\t\t<\/article>\n\t\t\t\t<article class=\"elementor-portfolio-item elementor-post  post-17681 portfolio type-portfolio status-publish has-post-thumbnail hentry entry has-media\">\n\t\t\t<a class=\"elementor-post__thumbnail__link\" href=\"https:\/\/kimberlywattdesign.com\/fr\/portfolio\/historic-revival\/\">\n\t\t\t\t<div class=\"elementor-portfolio-item__img elementor-post__thumbnail\">\n\t\t\t<img decoding=\"async\" width=\"1707\" height=\"2560\" src=\"https:\/\/kimberlywattdesign.com\/wp-content\/uploads\/2021\/09\/thumb-2-scaled.jpg\" class=\"attachment-full size-full wp-image-17683\" alt=\"\" srcset=\"https:\/\/kimberlywattdesign.com\/wp-content\/uploads\/2021\/09\/thumb-2-scaled.jpg 1707w, https:\/\/kimberlywattdesign.com\/wp-content\/uploads\/2021\/09\/thumb-2-200x300.jpg 200w, https:\/\/kimberlywattdesign.com\/wp-content\/uploads\/2021\/09\/thumb-2-683x1024.jpg 683w, https:\/\/kimberlywattdesign.com\/wp-content\/uploads\/2021\/09\/thumb-2-768x1152.jpg 768w, https:\/\/kimberlywattdesign.com\/wp-content\/uploads\/2021\/09\/thumb-2-1024x1536.jpg 1024w, https:\/\/kimberlywattdesign.com\/wp-content\/uploads\/2021\/09\/thumb-2-1365x2048.jpg 1365w, https:\/\/kimberlywattdesign.com\/wp-content\/uploads\/2021\/09\/thumb-2-8x12.jpg 8w\" sizes=\"(max-width: 1707px) 100vw, 1707px\" \/>\t\t<\/div>\n\t\t\t\t<div class=\"elementor-portfolio-item__overlay\">\n\t\t\t\t<h3 class=\"elementor-portfolio-item__title\">\n\t\tRenaissance historique\t\t<\/h3>\n\t\t\t\t<\/div>\n\t\t\t\t<\/a>\n\t\t<\/article>\n\t\t\t\t<article class=\"elementor-portfolio-item elementor-post  post-17717 portfolio type-portfolio status-publish has-post-thumbnail hentry entry has-media\">\n\t\t\t<a class=\"elementor-post__thumbnail__link\" href=\"https:\/\/kimberlywattdesign.com\/fr\/portfolio\/mountainside-residence\/\">\n\t\t\t\t<div class=\"elementor-portfolio-item__img elementor-post__thumbnail\">\n\t\t\t<img loading=\"lazy\" decoding=\"async\" width=\"1707\" height=\"2560\" src=\"https:\/\/kimberlywattdesign.com\/wp-content\/uploads\/2021\/09\/thumb-5-scaled.jpg\" class=\"attachment-full size-full wp-image-17718\" alt=\"\" srcset=\"https:\/\/kimberlywattdesign.com\/wp-content\/uploads\/2021\/09\/thumb-5-scaled.jpg 1707w, https:\/\/kimberlywattdesign.com\/wp-content\/uploads\/2021\/09\/thumb-5-200x300.jpg 200w, https:\/\/kimberlywattdesign.com\/wp-content\/uploads\/2021\/09\/thumb-5-683x1024.jpg 683w, https:\/\/kimberlywattdesign.com\/wp-content\/uploads\/2021\/09\/thumb-5-768x1152.jpg 768w, https:\/\/kimberlywattdesign.com\/wp-content\/uploads\/2021\/09\/thumb-5-1024x1536.jpg 1024w, https:\/\/kimberlywattdesign.com\/wp-content\/uploads\/2021\/09\/thumb-5-1365x2048.jpg 1365w, https:\/\/kimberlywattdesign.com\/wp-content\/uploads\/2021\/09\/thumb-5-8x12.jpg 8w\" sizes=\"(max-width: 1707px) 100vw, 1707px\" \/>\t\t<\/div>\n\t\t\t\t<div class=\"elementor-portfolio-item__overlay\">\n\t\t\t\t<h3 class=\"elementor-portfolio-item__title\">\n\t\tResidence Mont&nbsp;Royal\t\t<\/h3>\n\t\t\t\t<\/div>\n\t\t\t\t<\/a>\n\t\t<\/article>\n\t\t\t\t<article class=\"elementor-portfolio-item elementor-post  post-17666 portfolio type-portfolio status-publish has-post-thumbnail hentry entry has-media\">\n\t\t\t<a class=\"elementor-post__thumbnail__link\" href=\"https:\/\/kimberlywattdesign.com\/fr\/portfolio\/evergreen-remodel\/\">\n\t\t\t\t<div class=\"elementor-portfolio-item__img elementor-post__thumbnail\">\n\t\t\t<img loading=\"lazy\" decoding=\"async\" width=\"1730\" height=\"2560\" src=\"https:\/\/kimberlywattdesign.com\/wp-content\/uploads\/2021\/09\/thumb-1-scaled.jpg\" class=\"attachment-full size-full wp-image-17668\" alt=\"\" srcset=\"https:\/\/kimberlywattdesign.com\/wp-content\/uploads\/2021\/09\/thumb-1-scaled.jpg 1730w, https:\/\/kimberlywattdesign.com\/wp-content\/uploads\/2021\/09\/thumb-1-203x300.jpg 203w, https:\/\/kimberlywattdesign.com\/wp-content\/uploads\/2021\/09\/thumb-1-692x1024.jpg 692w, https:\/\/kimberlywattdesign.com\/wp-content\/uploads\/2021\/09\/thumb-1-768x1136.jpg 768w, https:\/\/kimberlywattdesign.com\/wp-content\/uploads\/2021\/09\/thumb-1-1038x1536.jpg 1038w, https:\/\/kimberlywattdesign.com\/wp-content\/uploads\/2021\/09\/thumb-1-1384x2048.jpg 1384w, https:\/\/kimberlywattdesign.com\/wp-content\/uploads\/2021\/09\/thumb-1-8x12.jpg 8w\" sizes=\"(max-width: 1730px) 100vw, 1730px\" \/>\t\t<\/div>\n\t\t\t\t<div class=\"elementor-portfolio-item__overlay\">\n\t\t\t\t<h3 class=\"elementor-portfolio-item__title\">\n\t\tFor\u00eat enchant\u00e9e\t\t<\/h3>\n\t\t\t\t<\/div>\n\t\t\t\t<\/a>\n\t\t<\/article>\n\t\t\t\t<article class=\"elementor-portfolio-item elementor-post  post-24255 portfolio type-portfolio status-publish has-post-thumbnail hentry entry has-media\">\n\t\t\t<a class=\"elementor-post__thumbnail__link\" href=\"https:\/\/kimberlywattdesign.com\/fr\/portfolio\/cool-basement-pad\/\">\n\t\t\t\t<div class=\"elementor-portfolio-item__img elementor-post__thumbnail\">\n\t\t\t<img loading=\"lazy\" decoding=\"async\" width=\"2093\" height=\"2560\" src=\"https:\/\/kimberlywattdesign.com\/wp-content\/uploads\/2023\/05\/Hero-scaled.jpg\" class=\"attachment-full size-full wp-image-24256\" alt=\"\" srcset=\"https:\/\/kimberlywattdesign.com\/wp-content\/uploads\/2023\/05\/Hero-scaled.jpg 2093w, https:\/\/kimberlywattdesign.com\/wp-content\/uploads\/2023\/05\/Hero-245x300.jpg 245w, https:\/\/kimberlywattdesign.com\/wp-content\/uploads\/2023\/05\/Hero-837x1024.jpg 837w, https:\/\/kimberlywattdesign.com\/wp-content\/uploads\/2023\/05\/Hero-768x939.jpg 768w, https:\/\/kimberlywattdesign.com\/wp-content\/uploads\/2023\/05\/Hero-1256x1536.jpg 1256w, https:\/\/kimberlywattdesign.com\/wp-content\/uploads\/2023\/05\/Hero-1675x2048.jpg 1675w, https:\/\/kimberlywattdesign.com\/wp-content\/uploads\/2023\/05\/Hero-10x12.jpg 10w\" sizes=\"(max-width: 2093px) 100vw, 2093px\" \/>\t\t<\/div>\n\t\t\t\t<div class=\"elementor-portfolio-item__overlay\">\n\t\t\t\t<h3 class=\"elementor-portfolio-item__title\">\n\t\tCool Basement Pad\t\t<\/h3>\n\t\t\t\t<\/div>\n\t\t\t\t<\/a>\n\t\t<\/article>\n\t\t\t\t<\/div>\n\t\t\t\t\t\t<\/div>\n\t\t\t\t<\/div>\n\t\t\t\t\t<\/div>\n\t\t<\/div>\n\t\t\t\t\t<\/div>\n\t\t<\/section>\n\t\t\t\t<\/div>","protected":false},"excerpt":{"rendered":"<p>Notre philosophie a toujours \u00e9t\u00e9 de concevoir des espaces \u00e9vocateurs et holistiques adapt\u00e9s \u00e0 vos besoins.<\/p>","protected":false},"author":1,"featured_media":0,"parent":0,"menu_order":0,"comment_status":"closed","ping_status":"closed","template":"","meta":{"_acf_changed":false,"footnotes":""},"class_list":["post-17063","page","type-page","status-publish","hentry","entry","has-media"],"acf":[],"_links":{"self":[{"href":"https:\/\/kimberlywattdesign.com\/fr\/wp-json\/wp\/v2\/pages\/17063","targetHints":{"allow":["GET"]}}],"collection":[{"href":"https:\/\/kimberlywattdesign.com\/fr\/wp-json\/wp\/v2\/pages"}],"about":[{"href":"https:\/\/kimberlywattdesign.com\/fr\/wp-json\/wp\/v2\/types\/page"}],"author":[{"embeddable":true,"href":"https:\/\/kimberlywattdesign.com\/fr\/wp-json\/wp\/v2\/users\/1"}],"replies":[{"embeddable":true,"href":"https:\/\/kimberlywattdesign.com\/fr\/wp-json\/wp\/v2\/comments?post=17063"}],"version-history":[{"count":75,"href":"https:\/\/kimberlywattdesign.com\/fr\/wp-json\/wp\/v2\/pages\/17063\/revisions"}],"predecessor-version":[{"id":19037,"href":"https:\/\/kimberlywattdesign.com\/fr\/wp-json\/wp\/v2\/pages\/17063\/revisions\/19037"}],"wp:attachment":[{"href":"https:\/\/kimberlywattdesign.com\/fr\/wp-json\/wp\/v2\/media?parent=17063"}],"curies":[{"name":"wp","href":"https:\/\/api.w.org\/{rel}","templated":true}]}}